{"id":967,"date":"2016-09-27T09:51:22","date_gmt":"2016-09-27T12:51:22","guid":{"rendered":"http:\/\/fitness2.mythemecloud.io\/?page_id=406"},"modified":"2022-08-25T12:55:12","modified_gmt":"2022-08-25T15:55:12","slug":"studio","status":"publish","type":"page","link":"https:\/\/sindcon-rj.com.br\/wp\/studio\/","title":{"rendered":"PR\u00c9-INSCRI\u00c7\u00c3O ON-LINE &#8220;SINDICALIZE-SE&#8221;"},"content":{"rendered":"\t\t<div data-elementor-type=\"wp-page\" data-elementor-id=\"967\" class=\"elementor elementor-967\">\n\t\t\t\t\t\t<section class=\"elementor-section elementor-top-section elementor-element elementor-element-5447f521 elementor-section-stretched elementor-section-boxed elementor-section-height-default elementor-section-height-default\" data-id=\"5447f521\" data-element_type=\"section\" data-settings=\"{&quot;stretch_section&quot;:&quot;section-stretched&quot;}\">\n\t\t\t\t\t\t<div class=\"elementor-container elementor-column-gap-default\">\n\t\t\t\t\t<div class=\"elementor-column elementor-col-100 elementor-top-column elementor-element elementor-element-869d1a7\" data-id=\"869d1a7\" data-element_type=\"column\">\n\t\t\t<div class=\"elementor-widget-wrap elementor-element-populated\">\n\t\t\t\t\t\t<div class=\"elementor-element elementor-element-721a1800 elementor-widget elementor-widget-heading\" data-id=\"721a1800\" data-element_type=\"widget\" data-widget_type=\"heading.default\">\n\t\t\t\t<div class=\"elementor-widget-container\">\n\t\t\t\t\t<h1 class=\"elementor-heading-title elementor-size-large\">\nPR\u00c9-INSCRI\u00c7\u00c3O ON-LINE \"SINDICALIZE-SE\"<\/h1>\t\t\t\t<\/div>\n\t\t\t\t<\/div>\n\t\t\t\t\t<\/div>\n\t\t<\/div>\n\t\t\t\t\t<\/div>\n\t\t<\/section>\n\t\t\t\t<section class=\"elementor-section elementor-top-section elementor-element elementor-element-3a278967 elementor-section-stretched elementor-section-boxed elementor-section-height-default elementor-section-height-default\" data-id=\"3a278967\" data-element_type=\"section\" data-settings=\"{&quot;stretch_section&quot;:&quot;section-stretched&quot;}\">\n\t\t\t\t\t\t<div class=\"elementor-container elementor-column-gap-default\">\n\t\t\t\t\t<div class=\"elementor-column elementor-col-50 elementor-top-column elementor-element elementor-element-1efdb81a\" data-id=\"1efdb81a\" data-element_type=\"column\">\n\t\t\t<div class=\"elementor-widget-wrap elementor-element-populated\">\n\t\t\t\t\t\t<div class=\"elementor-element elementor-element-679342fe elementor-widget elementor-widget-image\" data-id=\"679342fe\" data-element_type=\"widget\" data-widget_type=\"image.default\">\n\t\t\t\t<div class=\"elementor-widget-container\">\n\t\t\t\t\t\t\t\t\t\t\t\t\t\t\t<img decoding=\"async\" src=\"https:\/\/sindcon-rj.com.br\/wp\/wp-content\/uploads\/elementor\/thumbs\/8-rei5fs8afrp195c455oojwpm2o3rmfkb8smhdn623a.png\" title=\"\" alt=\"\" loading=\"lazy\" \/>\t\t\t\t\t\t\t\t\t\t\t\t\t\t\t<\/div>\n\t\t\t\t<\/div>\n\t\t\t\t\t<\/div>\n\t\t<\/div>\n\t\t\t\t<div class=\"elementor-column elementor-col-50 elementor-top-column elementor-element elementor-element-5f72b39b\" data-id=\"5f72b39b\" data-element_type=\"column\">\n\t\t\t<div class=\"elementor-widget-wrap elementor-element-populated\">\n\t\t\t\t\t\t<div class=\"elementor-element elementor-element-3a59baea elementor-widget elementor-widget-text-editor\" data-id=\"3a59baea\" data-element_type=\"widget\" data-widget_type=\"text-editor.default\">\n\t\t\t\t<div class=\"elementor-widget-container\">\n\t\t\t\t\t\t\t\t\t<h2><br>Envie atrav\u00e9s do formul\u00e1rio abaixo os seus dados e de seus dependentes, para que possamos realizar o pr\u00e9-cadastro de s\u00f3cio.<\/h2>\t\t\t\t\t\t\t\t<\/div>\n\t\t\t\t<\/div>\n\t\t\t\t\t<\/div>\n\t\t<\/div>\n\t\t\t\t\t<\/div>\n\t\t<\/section>\n\t\t\t\t<section class=\"elementor-section elementor-top-section elementor-element elementor-element-66015fb elementor-section-stretched elementor-section-boxed elementor-section-height-default elementor-section-height-default\" data-id=\"66015fb\" data-element_type=\"section\" data-settings=\"{&quot;stretch_section&quot;:&quot;section-stretched&quot;}\">\n\t\t\t\t\t\t<div class=\"elementor-container elementor-column-gap-default\">\n\t\t\t\t\t<div class=\"elementor-column elementor-col-100 elementor-top-column elementor-element elementor-element-272ae0b\" data-id=\"272ae0b\" data-element_type=\"column\">\n\t\t\t<div class=\"elementor-widget-wrap elementor-element-populated\">\n\t\t\t\t\t\t<div class=\"elementor-element elementor-element-e034334 elementor-widget elementor-widget-wpforms\" data-id=\"e034334\" data-element_type=\"widget\" data-widget_type=\"wpforms.default\">\n\t\t\t\t<div class=\"elementor-widget-container\">\n\t\t\t\t\t<div class=\"wpforms-container wpforms-container-full\" id=\"wpforms-22503\"><form id=\"wpforms-form-22503\" class=\"wpforms-validate wpforms-form wpforms-ajax-form\" data-formid=\"22503\" method=\"post\" enctype=\"multipart\/form-data\" action=\"\/wp\/wp-json\/wp\/v2\/pages\/967\" data-token=\"d1f6a372c71806f8a58c3b3ee4afbc2c\" data-token-time=\"1777814536\"><noscript class=\"wpforms-error-noscript\">Ative o JavaScript no seu navegador para preencher este formul\u00e1rio.<\/noscript><div class=\"wpforms-field-container\"><div id=\"wpforms-22503-field_0-container\" class=\"wpforms-field wpforms-field-name\" data-field-id=\"0\"><label class=\"wpforms-field-label\" for=\"wpforms-22503-field_0\">NOME COMPLETO <span class=\"wpforms-required-label\">*<\/span><\/label><input type=\"text\" id=\"wpforms-22503-field_0\" class=\"wpforms-field-medium wpforms-field-required\" name=\"wpforms[fields][0]\" required><\/div><div id=\"wpforms-22503-field_5-container\" class=\"wpforms-field wpforms-field-text\" data-field-id=\"5\"><label class=\"wpforms-field-label\" for=\"wpforms-22503-field_5\">ENDERE\u00c7O COMPLETO <span class=\"wpforms-required-label\">*<\/span><\/label><input type=\"text\" id=\"wpforms-22503-field_5\" class=\"wpforms-field-medium wpforms-field-required\" name=\"wpforms[fields][5]\" required><\/div><div id=\"wpforms-22503-field_4-container\" class=\"wpforms-field wpforms-field-number\" data-field-id=\"4\"><label class=\"wpforms-field-label\" for=\"wpforms-22503-field_4\">NUMERO <span class=\"wpforms-required-label\">*<\/span><\/label><input type=\"number\" id=\"wpforms-22503-field_4\" class=\"wpforms-field-small wpforms-field-required\" name=\"wpforms[fields][4]\" step=\"any\" required><\/div><div id=\"wpforms-22503-field_6-container\" class=\"wpforms-field wpforms-field-text\" data-field-id=\"6\"><label class=\"wpforms-field-label\" for=\"wpforms-22503-field_6\">CIDADE <span class=\"wpforms-required-label\">*<\/span><\/label><input type=\"text\" id=\"wpforms-22503-field_6\" class=\"wpforms-field-medium wpforms-field-required\" name=\"wpforms[fields][6]\" required><\/div><div id=\"wpforms-22503-field_7-container\" class=\"wpforms-field wpforms-field-text\" data-field-id=\"7\"><label class=\"wpforms-field-label\" for=\"wpforms-22503-field_7\">UF <span class=\"wpforms-required-label\">*<\/span><\/label><input type=\"text\" id=\"wpforms-22503-field_7\" class=\"wpforms-field-small wpforms-field-required wpforms-limit-characters-enabled\" data-form-id=\"22503\" data-field-id=\"7\" data-text-limit=\"2\" name=\"wpforms[fields][7]\" maxlength=\"2\" required><\/div><div id=\"wpforms-22503-field_9-container\" class=\"wpforms-field wpforms-field-number\" data-field-id=\"9\"><label class=\"wpforms-field-label\" for=\"wpforms-22503-field_9\">CEP <span class=\"wpforms-required-label\">*<\/span><\/label><input type=\"number\" id=\"wpforms-22503-field_9\" class=\"wpforms-field-small wpforms-field-required\" name=\"wpforms[fields][9]\" step=\"any\" required><\/div><div id=\"wpforms-22503-field_10-container\" class=\"wpforms-field wpforms-field-text\" data-field-id=\"10\"><label class=\"wpforms-field-label\" for=\"wpforms-22503-field_10\">ESTADO CIVIL <span class=\"wpforms-required-label\">*<\/span><\/label><input type=\"text\" id=\"wpforms-22503-field_10\" class=\"wpforms-field-small wpforms-field-required\" name=\"wpforms[fields][10]\" required><\/div><div id=\"wpforms-22503-field_11-container\" class=\"wpforms-field wpforms-field-text\" data-field-id=\"11\"><label class=\"wpforms-field-label\" for=\"wpforms-22503-field_11\">SEXO <span class=\"wpforms-required-label\">*<\/span><\/label><input type=\"text\" id=\"wpforms-22503-field_11\" class=\"wpforms-field-small wpforms-field-required wpforms-limit-characters-enabled\" data-form-id=\"22503\" data-field-id=\"11\" data-text-limit=\"1\" name=\"wpforms[fields][11]\" maxlength=\"1\" required><\/div><div id=\"wpforms-22503-field_14-container\" class=\"wpforms-field wpforms-field-text\" data-field-id=\"14\"><label class=\"wpforms-field-label\" for=\"wpforms-22503-field_14\">NACIONALIDADE <span class=\"wpforms-required-label\">*<\/span><\/label><input type=\"text\" id=\"wpforms-22503-field_14\" class=\"wpforms-field-small wpforms-field-required\" name=\"wpforms[fields][14]\" required><\/div><div id=\"wpforms-22503-field_15-container\" class=\"wpforms-field wpforms-field-text\" data-field-id=\"15\"><label class=\"wpforms-field-label\" for=\"wpforms-22503-field_15\">NATURALIDADE <span class=\"wpforms-required-label\">*<\/span><\/label><input type=\"text\" id=\"wpforms-22503-field_15\" class=\"wpforms-field-small wpforms-field-required\" name=\"wpforms[fields][15]\" required><\/div><div id=\"wpforms-22503-field_18-container\" class=\"wpforms-field wpforms-field-text\" data-field-id=\"18\"><label class=\"wpforms-field-label\" for=\"wpforms-22503-field_18\">DATA NASCIMENTO <span class=\"wpforms-required-label\">*<\/span><\/label><input type=\"text\" id=\"wpforms-22503-field_18\" class=\"wpforms-field-small wpforms-field-required wpforms-limit-characters-enabled\" data-form-id=\"22503\" data-field-id=\"18\" data-text-limit=\"10\" name=\"wpforms[fields][18]\" maxlength=\"10\" required><\/div><div id=\"wpforms-22503-field_17-container\" class=\"wpforms-field wpforms-field-number\" data-field-id=\"17\"><label class=\"wpforms-field-label\" for=\"wpforms-22503-field_17\">CELULAR <span class=\"wpforms-required-label\">*<\/span><\/label><input type=\"number\" id=\"wpforms-22503-field_17\" class=\"wpforms-field-small wpforms-field-required\" name=\"wpforms[fields][17]\" step=\"any\" required><\/div><div id=\"wpforms-22503-field_19-container\" class=\"wpforms-field wpforms-field-number\" data-field-id=\"19\"><label class=\"wpforms-field-label\" for=\"wpforms-22503-field_19\">CPF <span class=\"wpforms-required-label\">*<\/span><\/label><input type=\"number\" id=\"wpforms-22503-field_19\" class=\"wpforms-field-small wpforms-field-required\" name=\"wpforms[fields][19]\" step=\"any\" required><\/div><div id=\"wpforms-22503-field_20-container\" class=\"wpforms-field wpforms-field-number\" data-field-id=\"20\"><label class=\"wpforms-field-label\" for=\"wpforms-22503-field_20\">IDENTIDADE <span class=\"wpforms-required-label\">*<\/span><\/label><input type=\"number\" id=\"wpforms-22503-field_20\" class=\"wpforms-field-small wpforms-field-required\" name=\"wpforms[fields][20]\" step=\"any\" required><\/div><div id=\"wpforms-22503-field_13-container\" class=\"wpforms-field wpforms-field-text\" data-field-id=\"13\"><label class=\"wpforms-field-label\" for=\"wpforms-22503-field_13\">ORG\u00c3O EMISSOR <span class=\"wpforms-required-label\">*<\/span><\/label><input type=\"text\" id=\"wpforms-22503-field_13\" class=\"wpforms-field-small wpforms-field-required\" name=\"wpforms[fields][13]\" required><\/div><div id=\"wpforms-22503-field_12-container\" class=\"wpforms-field wpforms-field-text\" data-field-id=\"12\"><label class=\"wpforms-field-label\" for=\"wpforms-22503-field_12\">NOME COMPLETO DO PAI <span class=\"wpforms-required-label\">*<\/span><\/label><input type=\"text\" id=\"wpforms-22503-field_12\" class=\"wpforms-field-medium wpforms-field-required\" name=\"wpforms[fields][12]\" required><\/div><div id=\"wpforms-22503-field_21-container\" class=\"wpforms-field wpforms-field-text\" data-field-id=\"21\"><label class=\"wpforms-field-label\" for=\"wpforms-22503-field_21\">NOME COMPLETO DA M\u00c3E <span class=\"wpforms-required-label\">*<\/span><\/label><input type=\"text\" id=\"wpforms-22503-field_21\" class=\"wpforms-field-medium wpforms-field-required\" name=\"wpforms[fields][21]\" required><\/div><div id=\"wpforms-22503-field_24-container\" class=\"wpforms-field wpforms-field-text\" data-field-id=\"24\"><label class=\"wpforms-field-label\" for=\"wpforms-22503-field_24\">CARGO <span class=\"wpforms-required-label\">*<\/span><\/label><input type=\"text\" id=\"wpforms-22503-field_24\" class=\"wpforms-field-small wpforms-field-required\" name=\"wpforms[fields][24]\" required><\/div><div id=\"wpforms-22503-field_25-container\" class=\"wpforms-field wpforms-field-text\" data-field-id=\"25\"><label class=\"wpforms-field-label\" for=\"wpforms-22503-field_25\">CTPS <span class=\"wpforms-required-label\">*<\/span><\/label><input type=\"text\" id=\"wpforms-22503-field_25\" class=\"wpforms-field-small wpforms-field-required\" name=\"wpforms[fields][25]\" required><\/div><div id=\"wpforms-22503-field_26-container\" class=\"wpforms-field wpforms-field-text\" data-field-id=\"26\"><label class=\"wpforms-field-label\" for=\"wpforms-22503-field_26\">S\u00c9RIE <span class=\"wpforms-required-label\">*<\/span><\/label><input type=\"text\" id=\"wpforms-22503-field_26\" class=\"wpforms-field-small wpforms-field-required\" name=\"wpforms[fields][26]\" required><\/div><div id=\"wpforms-22503-field_27-container\" class=\"wpforms-field wpforms-field-text\" data-field-id=\"27\"><label class=\"wpforms-field-label\" for=\"wpforms-22503-field_27\">LOTA\u00c7\u00c3O <span class=\"wpforms-required-label\">*<\/span><\/label><input type=\"text\" id=\"wpforms-22503-field_27\" class=\"wpforms-field-small wpforms-field-required\" name=\"wpforms[fields][27]\" required><\/div><div id=\"wpforms-22503-field_1-container\" class=\"wpforms-field wpforms-field-email\" data-field-id=\"1\"><label class=\"wpforms-field-label\">EMAIL <span class=\"wpforms-required-label\">*<\/span><\/label><div class=\"wpforms-field-row wpforms-field-medium\"><div class=\"wpforms-field-row-block wpforms-one-half wpforms-first\"><input type=\"email\" id=\"wpforms-22503-field_1\" class=\"wpforms-field-required wpforms-field-email-primary\" name=\"wpforms[fields][1][primary]\" spellcheck=\"false\" required><label for=\"wpforms-22503-field_1\" class=\"wpforms-field-sublabel after\">E-mail<\/label><\/div><div class=\"wpforms-field-row-block wpforms-one-half\"><input type=\"email\" id=\"wpforms-22503-field_1-secondary\" class=\"wpforms-field-email-secondary wpforms-field-required\" data-rule-confirm=\"#wpforms-22503-field_1\" name=\"wpforms[fields][1][secondary]\" spellcheck=\"false\" required><label for=\"wpforms-22503-field_1-secondary\" class=\"wpforms-field-sublabel after\">Confirmar e-mail<\/label><\/div><\/div><\/div><div id=\"wpforms-22503-field_28-container\" class=\"wpforms-field wpforms-field-text\" data-field-id=\"28\"><label class=\"wpforms-field-label\" for=\"wpforms-22503-field_28\">NOME COMPLETO DEPENDENTE<\/label><input type=\"text\" id=\"wpforms-22503-field_28\" class=\"wpforms-field-medium\" name=\"wpforms[fields][28]\" ><\/div><div id=\"wpforms-22503-field_16-container\" class=\"wpforms-field wpforms-field-number\" data-field-id=\"16\"><label class=\"wpforms-field-label\" for=\"wpforms-22503-field_16\">DATA NASCIMENTO<\/label><input type=\"number\" id=\"wpforms-22503-field_16\" class=\"wpforms-field-small\" name=\"wpforms[fields][16]\" step=\"any\" ><\/div><div id=\"wpforms-22503-field_29-container\" class=\"wpforms-field wpforms-field-text\" data-field-id=\"29\"><label class=\"wpforms-field-label\" for=\"wpforms-22503-field_29\">GRAU PARENTESCO<\/label><input type=\"text\" id=\"wpforms-22503-field_29\" class=\"wpforms-field-small\" name=\"wpforms[fields][29]\" ><\/div><div id=\"wpforms-22503-field_30-container\" class=\"wpforms-field wpforms-field-name\" data-field-id=\"30\"><label class=\"wpforms-field-label\" for=\"wpforms-22503-field_30\">NOME COMPLETO DA M\u00c3E<\/label><input type=\"text\" id=\"wpforms-22503-field_30\" class=\"wpforms-field-medium\" name=\"wpforms[fields][30]\" ><\/div><div id=\"wpforms-22503-field_33-container\" class=\"wpforms-field wpforms-field-text\" data-field-id=\"33\"><label class=\"wpforms-field-label\" for=\"wpforms-22503-field_33\">NOME COMPLETO DEPENDENTE 2<\/label><input type=\"text\" id=\"wpforms-22503-field_33\" class=\"wpforms-field-medium\" name=\"wpforms[fields][33]\" ><\/div><div id=\"wpforms-22503-field_37-container\" class=\"wpforms-field wpforms-field-number\" data-field-id=\"37\"><label class=\"wpforms-field-label\" for=\"wpforms-22503-field_37\">DATA NASCIMENTO <\/label><input type=\"number\" id=\"wpforms-22503-field_37\" class=\"wpforms-field-small\" name=\"wpforms[fields][37]\" step=\"any\" ><\/div><div id=\"wpforms-22503-field_41-container\" class=\"wpforms-field wpforms-field-text\" data-field-id=\"41\"><label class=\"wpforms-field-label\" for=\"wpforms-22503-field_41\">GRAU PARENTESCO<\/label><input type=\"text\" id=\"wpforms-22503-field_41\" class=\"wpforms-field-small\" name=\"wpforms[fields][41]\" ><\/div><div id=\"wpforms-22503-field_43-container\" class=\"wpforms-field wpforms-field-name\" data-field-id=\"43\"><label class=\"wpforms-field-label\" for=\"wpforms-22503-field_43\">NOME COMPLETO DA M\u00c3E<\/label><input type=\"text\" id=\"wpforms-22503-field_43\" class=\"wpforms-field-medium\" name=\"wpforms[fields][43]\" ><\/div><div id=\"wpforms-22503-field_32-container\" class=\"wpforms-field wpforms-field-text\" data-field-id=\"32\"><label class=\"wpforms-field-label\" for=\"wpforms-22503-field_32\">NOME COMPLETO DEPENDENTE 3<\/label><input type=\"text\" id=\"wpforms-22503-field_32\" class=\"wpforms-field-medium\" name=\"wpforms[fields][32]\" ><\/div><div id=\"wpforms-22503-field_39-container\" class=\"wpforms-field wpforms-field-number\" data-field-id=\"39\"><label class=\"wpforms-field-label\" for=\"wpforms-22503-field_39\">DATA NASCIMENTO<\/label><input type=\"number\" id=\"wpforms-22503-field_39\" class=\"wpforms-field-small\" name=\"wpforms[fields][39]\" step=\"any\" ><\/div><div id=\"wpforms-22503-field_42-container\" class=\"wpforms-field wpforms-field-text\" data-field-id=\"42\"><label class=\"wpforms-field-label\" for=\"wpforms-22503-field_42\">GRAU PARENTESCO<\/label><input type=\"text\" id=\"wpforms-22503-field_42\" class=\"wpforms-field-small\" name=\"wpforms[fields][42]\" ><\/div><div id=\"wpforms-22503-field_44-container\" class=\"wpforms-field wpforms-field-name\" data-field-id=\"44\"><label class=\"wpforms-field-label\" for=\"wpforms-22503-field_44\">NOME COMPLETO DA M\u00c3E<\/label><input type=\"text\" id=\"wpforms-22503-field_44\" class=\"wpforms-field-medium\" name=\"wpforms[fields][44]\" ><\/div><div id=\"wpforms-22503-field_31-container\" class=\"wpforms-field wpforms-field-text\" data-field-id=\"31\"><label class=\"wpforms-field-label\" for=\"wpforms-22503-field_31\">NOME COMPLETO DEPENDENTE 4<\/label><input type=\"text\" id=\"wpforms-22503-field_31\" class=\"wpforms-field-medium\" name=\"wpforms[fields][31]\" ><\/div><div id=\"wpforms-22503-field_38-container\" class=\"wpforms-field wpforms-field-number\" data-field-id=\"38\"><label class=\"wpforms-field-label\" for=\"wpforms-22503-field_38\">DATA NASCIMENTO<\/label><input type=\"number\" id=\"wpforms-22503-field_38\" class=\"wpforms-field-small\" name=\"wpforms[fields][38]\" step=\"any\" ><\/div><div id=\"wpforms-22503-field_40-container\" class=\"wpforms-field wpforms-field-text\" data-field-id=\"40\"><label class=\"wpforms-field-label\" for=\"wpforms-22503-field_40\">GRAU PARENTESCO (c\u00f3pia)<\/label><input type=\"text\" id=\"wpforms-22503-field_40\" class=\"wpforms-field-small\" name=\"wpforms[fields][40]\" ><\/div><div id=\"wpforms-22503-field_45-container\" class=\"wpforms-field wpforms-field-name\" data-field-id=\"45\"><label class=\"wpforms-field-label\" for=\"wpforms-22503-field_45\">NOME COMPLETO DA M\u00c3E<\/label><input type=\"text\" id=\"wpforms-22503-field_45\" class=\"wpforms-field-medium\" name=\"wpforms[fields][45]\" ><\/div><div id=\"wpforms-22503-field_47-container\" class=\"wpforms-field wpforms-field-textarea\" data-field-id=\"47\"><label class=\"wpforms-field-label\" for=\"wpforms-22503-field_47\">OBSERVA\u00c7\u00d5ES<\/label><textarea id=\"wpforms-22503-field_47\" class=\"wpforms-field-medium\" name=\"wpforms[fields][47]\" ><\/textarea><\/div><\/div><!-- .wpforms-field-container --><div class=\"wpforms-submit-container\" ><input type=\"hidden\" name=\"wpforms[id]\" value=\"22503\"><input type=\"hidden\" name=\"page_title\" value=\"\"><input type=\"hidden\" name=\"page_url\" value=\"https:\/\/sindcon-rj.com.br\/wp\/wp-json\/wp\/v2\/pages\/967\"><input type=\"hidden\" name=\"url_referer\" value=\"\"><button type=\"submit\" name=\"wpforms[submit]\" id=\"wpforms-submit-22503\" class=\"wpforms-submit\" data-alt-text=\"Enviando\" data-submit-text=\"Enviar\" aria-live=\"assertive\" value=\"wpforms-submit\">Enviar<\/button><img decoding=\"async\" src=\"https:\/\/sindcon-rj.com.br\/wp\/wp-content\/plugins\/wpforms-lite\/assets\/images\/submit-spin.svg\" class=\"wpforms-submit-spinner\" style=\"display: none;\" width=\"26\" height=\"26\" alt=\"Carregando\"><\/div><\/form><\/div>  <!-- .wpforms-container -->\t\t\t\t<\/div>\n\t\t\t\t<\/div>\n\t\t\t\t\t<\/div>\n\t\t<\/div>\n\t\t\t\t\t<\/div>\n\t\t<\/section>\n\t\t\t\t<section class=\"elementor-section elementor-top-section elementor-element elementor-element-45cb3a0 elementor-section-boxed elementor-section-height-default elementor-section-height-default\" data-id=\"45cb3a0\" data-element_type=\"section\">\n\t\t\t\t\t\t<div class=\"elementor-container elementor-column-gap-default\">\n\t\t\t\t\t<div class=\"elementor-column elementor-col-100 elementor-top-column elementor-element elementor-element-72a71f1\" data-id=\"72a71f1\" data-element_type=\"column\">\n\t\t\t<div class=\"elementor-widget-wrap elementor-element-populated\">\n\t\t\t\t\t\t\t<\/div>\n\t\t<\/div>\n\t\t\t\t\t<\/div>\n\t\t<\/section>\n\t\t\t\t<\/div>\n\t\t","protected":false},"excerpt":{"rendered":"<p>PR\u00c9-INSCRI\u00c7\u00c3O ON-LINE &#8220;SINDICALIZE-SE&#8221; Envie atrav\u00e9s do formul\u00e1rio abaixo os seus dados e de seus dependentes, para que possamos realizar o pr\u00e9-cadastro de s\u00f3cio.<\/p>\n","protected":false},"author":1,"featured_media":0,"parent":0,"menu_order":0,"comment_status":"closed","ping_status":"closed","template":"","meta":{"ocean_post_layout":"full-width","ocean_both_sidebars_style":"","ocean_both_sidebars_content_width":0,"ocean_both_sidebars_sidebars_width":0,"ocean_sidebar":"0","ocean_second_sidebar":"0","ocean_disable_margins":"enable","ocean_add_body_class":"","ocean_shortcode_before_top_bar":"","ocean_shortcode_after_top_bar":"","ocean_shortcode_before_header":"","ocean_shortcode_after_header":"","ocean_has_shortcode":"","ocean_shortcode_after_title":"","ocean_shortcode_before_footer_widgets":"","ocean_shortcode_after_footer_widgets":"","ocean_shortcode_before_footer_bottom":"","ocean_shortcode_after_footer_bottom":"","ocean_display_top_bar":"default","ocean_display_header":"default","ocean_header_style":"","ocean_center_header_left_menu":"0","ocean_custom_header_template":"0","ocean_custom_logo":0,"ocean_custom_retina_logo":0,"ocean_custom_logo_max_width":0,"ocean_custom_logo_tablet_max_width":0,"ocean_custom_logo_mobile_max_width":0,"ocean_custom_logo_max_height":0,"ocean_custom_logo_tablet_max_height":0,"ocean_custom_logo_mobile_max_height":0,"ocean_header_custom_menu":"0","ocean_menu_typo_font_family":"0","ocean_menu_typo_font_subset":"","ocean_menu_typo_font_size":0,"ocean_menu_typo_font_size_tablet":0,"ocean_menu_typo_font_size_mobile":0,"ocean_menu_typo_font_size_unit":"px","ocean_menu_typo_font_weight":"","ocean_menu_typo_font_weight_tablet":"","ocean_menu_typo_font_weight_mobile":"","ocean_menu_typo_transform":"","ocean_menu_typo_transform_tablet":"","ocean_menu_typo_transform_mobile":"","ocean_menu_typo_line_height":0,"ocean_menu_typo_line_height_tablet":0,"ocean_menu_typo_line_height_mobile":0,"ocean_menu_typo_line_height_unit":"","ocean_menu_typo_spacing":0,"ocean_menu_typo_spacing_tablet":0,"ocean_menu_typo_spacing_mobile":0,"ocean_menu_typo_spacing_unit":"","ocean_menu_link_color":"","ocean_menu_link_color_hover":"","ocean_menu_link_color_active":"","ocean_menu_link_background":"","ocean_menu_link_hover_background":"","ocean_menu_link_active_background":"","ocean_menu_social_links_bg":"","ocean_menu_social_hover_links_bg":"","ocean_menu_social_links_color":"","ocean_menu_social_hover_links_color":"","ocean_disable_title":"on","ocean_disable_heading":"default","ocean_post_title":"","ocean_post_subheading":"","ocean_post_title_style":"","ocean_post_title_background_color":"","ocean_post_title_background":0,"ocean_post_title_bg_image_position":"","ocean_post_title_bg_image_attachment":"","ocean_post_title_bg_image_repeat":"","ocean_post_title_bg_image_size":"","ocean_post_title_height":0,"ocean_post_title_bg_overlay":0.5,"ocean_post_title_bg_overlay_color":"","ocean_disable_breadcrumbs":"default","ocean_breadcrumbs_color":"","ocean_breadcrumbs_separator_color":"","ocean_breadcrumbs_links_color":"","ocean_breadcrumbs_links_hover_color":"","ocean_display_footer_widgets":"default","ocean_display_footer_bottom":"default","ocean_custom_footer_template":"0","footnotes":""},"class_list":["post-967","page","type-page","status-publish","hentry","entry"],"_links":{"self":[{"href":"https:\/\/sindcon-rj.com.br\/wp\/wp-json\/wp\/v2\/pages\/967","targetHints":{"allow":["GET"]}}],"collection":[{"href":"https:\/\/sindcon-rj.com.br\/wp\/wp-json\/wp\/v2\/pages"}],"about":[{"href":"https:\/\/sindcon-rj.com.br\/wp\/wp-json\/wp\/v2\/types\/page"}],"author":[{"embeddable":true,"href":"https:\/\/sindcon-rj.com.br\/wp\/wp-json\/wp\/v2\/users\/1"}],"replies":[{"embeddable":true,"href":"https:\/\/sindcon-rj.com.br\/wp\/wp-json\/wp\/v2\/comments?post=967"}],"version-history":[{"count":36,"href":"https:\/\/sindcon-rj.com.br\/wp\/wp-json\/wp\/v2\/pages\/967\/revisions"}],"predecessor-version":[{"id":22509,"href":"https:\/\/sindcon-rj.com.br\/wp\/wp-json\/wp\/v2\/pages\/967\/revisions\/22509"}],"wp:attachment":[{"href":"https:\/\/sindcon-rj.com.br\/wp\/wp-json\/wp\/v2\/media?parent=967"}],"curies":[{"name":"wp","href":"https:\/\/api.w.org\/{rel}","templated":true}]}}